{"id":1050,"date":"2022-06-03T14:50:42","date_gmt":"2022-06-03T14:50:42","guid":{"rendered":"https:\/\/centrodecompartimiento.org\/web\/?page_id=1050"},"modified":"2024-10-09T22:43:21","modified_gmt":"2024-10-09T22:43:21","slug":"becas-para-jovenes-mujeres","status":"publish","type":"page","link":"https:\/\/centrodecompartimiento.org\/web\/en\/becas-para-jovenes-mujeres\/","title":{"rendered":"Becas para j\u00f3venes mujeres."},"content":{"rendered":"\n<div class=\"wp-block-stackable-spacer stk-block-spacer stk--no-padding stk-block stk-b5bc0ea\" data-block-id=\"b5bc0ea\"><style>.stk-b5bc0ea {height:86px !important;}<\/style><\/div>\n\n\n\n<div class=\"wp-block-stackable-image stk-block-image stk-block stk-29359c7\" data-block-id=\"29359c7\"><style>.stk-29359c7 {margin-bottom:4px !important;}<\/style><\/div>\n\n\n\n<div class=\"wp-block-stackable-spacer stk-block-spacer stk--no-padding stk-block stk-aea7eb1\" data-block-id=\"aea7eb1\"><style>.stk-aea7eb1 {height:17px !important;}<\/style><\/div>\n\n\n\n<div class=\"wp-block-stackable-columns stk-block-columns stk-block stk-84af4c2\" data-block-id=\"84af4c2\"><style>.stk-84af4c2 {margin-bottom:14px !important;}<\/style><div class=\"stk-row stk-inner-blocks stk-block-content stk-content-align stk-84af4c2-column\">\n<div class=\"wp-block-stackable-column stk-block-column stk-column stk-block stk-502ddd5\" data-block-id=\"502ddd5\"><div class=\"stk-column-wrapper stk-block-column__content stk-container stk-502ddd5-container stk--no-background stk--no-padding\"><div class=\"stk-block-content stk-inner-blocks stk-502ddd5-inner-blocks\">\n<h2 class=\"wp-block-heading alignwide has-text-align-center\">Becas para j\u00f3venes mujeres.<\/h2>\n<\/div><\/div><\/div>\n<\/div><\/div>\n\n\n\n<div class=\"wp-block-stackable-columns aligncenter stk-block-columns stk-block stk-9a936c7 stk-block-background\" data-block-id=\"9a936c7\"><style>.stk-9a936c7 {background-color:#feecff !important;margin-bottom:50px !important;}.stk-9a936c7:before{background-color:#feecff !important;}<\/style><div class=\"stk-row stk-inner-blocks stk-block-content stk-content-align stk-9a936c7-column\">\n<div class=\"wp-block-stackable-column stk-block-column stk-column stk-block stk-39609dd\" data-block-id=\"39609dd\"><style>.stk-39609dd {align-self:stretch !important;}<\/style><div class=\"stk-column-wrapper stk-block-column__content stk-container stk-39609dd-container stk--no-background stk--no-padding\"><div class=\"stk-block-content stk-inner-blocks stk-39609dd-inner-blocks\">\n<div class=\"wp-block-stackable-columns stk-block-columns stk-block stk-579f647\" data-block-id=\"579f647\"><div class=\"stk-row stk-inner-blocks stk-block-content stk-content-align stk-579f647-column\">\n<div class=\"wp-block-stackable-column stk-block-column stk-column stk-block stk-2831fd8\" data-block-id=\"2831fd8\"><style>@media screen and (min-width:690px){.stk-2831fd8 {flex:var(--stk-flex-grow, 1) 1 calc(15.2% - var(--stk-column-gap, 0px) * 2 \/ 3 ) !important;}}<\/style><div class=\"stk-column-wrapper stk-block-column__content stk-container stk-2831fd8-container stk--no-background stk--no-padding\"><div class=\"stk-block-content stk-inner-blocks stk-2831fd8-inner-blocks\"><\/div><\/div><\/div>\n\n\n\n<div class=\"wp-block-stackable-column stk-block-column stk-column stk-block stk-ade58bd\" data-block-id=\"ade58bd\"><style>@media screen and (min-width:690px){.stk-ade58bd {flex:var(--stk-flex-grow, 1) 1 calc(69.6% - var(--stk-column-gap, 0px) * 2 \/ 3 ) !important;}}<\/style><div class=\"stk-column-wrapper stk-block-column__content stk-container stk-ade58bd-container stk--no-background stk--no-padding\"><div class=\"stk-block-content stk-inner-blocks stk-ade58bd-inner-blocks\">\n<p class=\"has-palette-color-4-color has-text-color\">Centro de Compartimiento, A.C. ofrece becas de alojamiento y alimento para j\u00f3venes mujeres de comunidades rurales en Oaxaca para seguir sus estudios medio superior y superior. Ubicado en la ciudad de Juchit\u00e1n, Oaxaca, las j\u00f3venes est\u00e1n alojadas en nuestras instalaciones y asisten a escuelas y universidades locales.<br><br>Las j\u00f3venes reciben alojamiento, alimento, supervisi\u00f3n, cursos de crecimiento personal, acceso a internet, acompa\u00f1amiento y apoyo emocional con un costo minima a la familia.<br><br>Las familias apoyan con sus gastos escolares. Sin la beca de alojamiento estas j\u00f3venes no podr\u00e1n seguir sus estudios. Las becas est\u00e1n disponibles para j\u00f3venes de las comunidades rurales quienes quieren venir a estudiar en Juchit\u00e1n. Si le gustar\u00eda m\u00e1s informaci\u00f3n sobre nuestro programa de becas favor de llamarnos o picar el bot\u00f3n de informaci\u00f3n.<\/p>\n<\/div><\/div><\/div>\n\n\n\n<div class=\"wp-block-stackable-column stk-block-column stk-column stk-block stk-ae6caec\" data-block-id=\"ae6caec\"><style>@media screen and (min-width:690px){.stk-ae6caec {flex:var(--stk-flex-grow, 1) 1 calc(15.2% - var(--stk-column-gap, 0px) * 2 \/ 3 ) !important;}}<\/style><div class=\"stk-column-wrapper stk-block-column__content stk-container stk-ae6caec-container stk--no-background stk--no-padding\"><div class=\"stk-block-content stk-inner-blocks stk-ae6caec-inner-blocks\"><\/div><\/div><\/div>\n<\/div><\/div>\n<\/div><\/div><\/div>\n<\/div><\/div>\n\n\n\n<div class=\"wp-block-stackable-columns stk-block-columns stk-block stk-8a8a4aa\" data-block-id=\"8a8a4aa\"><div class=\"stk-row stk-inner-blocks stk-block-content stk-content-align stk-8a8a4aa-column\">\n<div class=\"wp-block-stackable-column stk-block-column stk-column stk-block stk-31e3e46\" data-block-id=\"31e3e46\"><div class=\"stk-column-wrapper stk-block-column__content stk-container stk-31e3e46-container stk--no-background stk--no-padding\"><div class=\"stk-block-content stk-inner-blocks stk-31e3e46-inner-blocks\">\n<h5 class=\"wp-block-heading has-text-align-center has-palette-color-6-color has-text-color has-background\" style=\"background-color:#830cc4\">Formulario de informaci\u00f3n<\/h5>\n<\/div><\/div><\/div>\n<\/div><\/div>\n\n\n\n<div class=\"wp-block-stackable-columns stk-block-columns stk-block stk-bcf1a98\" data-block-id=\"bcf1a98\"><style>.stk-bcf1a98 {margin-bottom:109px !important;}<\/style><div class=\"stk-row stk-inner-blocks stk-block-content stk-content-align stk-bcf1a98-column\">\n<div class=\"wp-block-stackable-column stk-block-column stk-column stk-block stk-6f648c3\" data-block-id=\"6f648c3\"><style>@media screen and (min-width:690px){.stk-6f648c3 {flex:var(--stk-flex-grow, 1) 1 calc(25% - var(--stk-column-gap, 0px) * 2 \/ 3 ) !important;}}<\/style><div class=\"stk-column-wrapper stk-block-column__content stk-container stk-6f648c3-container stk--no-background stk--no-padding\"><div class=\"stk-block-content stk-inner-blocks stk-6f648c3-inner-blocks\"><\/div><\/div><\/div>\n\n\n\n<div class=\"wp-block-stackable-column stk-block-column stk-column stk-block stk-07a9b80\" data-block-id=\"07a9b80\"><style>@media screen and (min-width:690px){.stk-07a9b80 {flex:var(--stk-flex-grow, 1) 1 calc(50% - var(--stk-column-gap, 0px) * 2 \/ 3 ) !important;}}<\/style><div class=\"stk-column-wrapper stk-block-column__content stk-container stk-07a9b80-container stk--no-background stk--no-padding\"><div class=\"stk-block-content stk-inner-blocks stk-07a9b80-inner-blocks\"><div class=\"wpforms-container \" id=\"wpforms-1073\"><form id=\"wpforms-form-1073\" class=\"wpforms-validate wpforms-form wpforms-ajax-form\" data-formid=\"1073\" method=\"post\" enctype=\"multipart\/form-data\" action=\"\/web\/en\/wp-json\/wp\/v2\/pages\/1050\" data-token=\"94cb4aaedec3b80d8308a98da875561e\"><noscript class=\"wpforms-error-noscript\">Please enable JavaScript in your browser to complete this form.<\/noscript><div class=\"wpforms-field-container\"><div id=\"wpforms-1073-field_0-container\" class=\"wpforms-field wpforms-field-name\" data-field-id=\"0\"><label class=\"wpforms-field-label\" for=\"wpforms-1073-field_0\">Nombre <span class=\"wpforms-required-label\">*<\/span><\/label><div class=\"wpforms-field-row wpforms-field-medium\"><div class=\"wpforms-field-row-block wpforms-first wpforms-one-half\"><input type=\"text\" id=\"wpforms-1073-field_0\" class=\"wpforms-field-name-first wpforms-field-required\" name=\"wpforms[fields][0][first]\" required><label for=\"wpforms-1073-field_0\" class=\"wpforms-field-sublabel after \">First<\/label><\/div><div class=\"wpforms-field-row-block wpforms-one-half\"><input type=\"text\" id=\"wpforms-1073-field_0-last\" class=\"wpforms-field-name-last wpforms-field-required\" name=\"wpforms[fields][0][last]\" required><label for=\"wpforms-1073-field_0-last\" class=\"wpforms-field-sublabel after \">Last<\/label><\/div><\/div><\/div><div id=\"wpforms-1073-field_1-container\" class=\"wpforms-field wpforms-field-email\" data-field-id=\"1\"><label class=\"wpforms-field-label\" for=\"wpforms-1073-field_1\">Email <span class=\"wpforms-required-label\">*<\/span><\/label><input type=\"email\" id=\"wpforms-1073-field_1\" class=\"wpforms-field-medium wpforms-field-required\" name=\"wpforms[fields][1]\" required><\/div><div id=\"wpforms-1073-field_3-container\" class=\"wpforms-field wpforms-field-phone\" data-field-id=\"3\"><label class=\"wpforms-field-label\" for=\"wpforms-1073-field_3\">Tel\u00e9fono <span class=\"wpforms-required-label\">*<\/span><\/label><input type=\"tel\" id=\"wpforms-1073-field_3\" class=\"wpforms-field-medium wpforms-field-required wpforms-smart-phone-field\" data-rule-smart-phone-field=\"true\" name=\"wpforms[fields][3]\" required><\/div><div id=\"wpforms-1073-field_2-container\" class=\"wpforms-field wpforms-field-textarea\" data-field-id=\"2\"><label class=\"wpforms-field-label\" for=\"wpforms-1073-field_2\">Comentarios adjuntos<\/label><textarea id=\"wpforms-1073-field_2\" class=\"wpforms-field-medium\" name=\"wpforms[fields][2]\" ><\/textarea><\/div><\/div><div class=\"wpforms-submit-container\"><input type=\"hidden\" name=\"wpforms[id]\" value=\"1073\"><input type=\"hidden\" name=\"wpforms[author]\" value=\"1\"><button type=\"submit\" name=\"wpforms[submit]\" id=\"wpforms-submit-1073\" class=\"wpforms-submit\" data-alt-text=\"enviando...\" data-submit-text=\"enviar\" aria-live=\"assertive\" value=\"wpforms-submit\">enviar<\/button><img decoding=\"async\" src=\"https:\/\/centrodecompartimiento.org\/web\/wp-content\/plugins\/wpforms\/assets\/images\/submit-spin.svg\" class=\"wpforms-submit-spinner\" style=\"display: none;\" width=\"26\" height=\"26\" alt=\"\"><\/div><\/form><\/div>  <!-- .wpforms-container --><\/div><\/div><\/div>\n\n\n\n<div class=\"wp-block-stackable-column stk-block-column stk-column stk-block stk-ae2b788\" data-block-id=\"ae2b788\"><style>@media screen and (min-width:690px){.stk-ae2b788 {flex:var(--stk-flex-grow, 1) 1 calc(25% - var(--stk-column-gap, 0px) * 2 \/ 3 ) !important;}}<\/style><div class=\"stk-column-wrapper stk-block-column__content stk-container stk-ae2b788-container stk--no-background stk--no-padding\"><div class=\"stk-block-content stk-inner-blocks stk-ae2b788-inner-blocks\"><\/div><\/div><\/div>\n<\/div><\/div>\n","protected":false},"excerpt":{"rendered":"<p>Becas para j\u00f3venes mujeres. Centro de Compartimiento, A.C. ofrece becas de alojamiento y alimento para j\u00f3venes mujeres de comunidades rurales en Oaxaca para seguir sus estudios medio superior y superior. Ubicado en la ciudad de Juchit\u00e1n, Oaxaca, las j\u00f3venes est\u00e1n alojadas en nuestras instalaciones y asisten a escuelas y universidades locales. Las j\u00f3venes reciben alojamiento, alimento, supervisi\u00f3n, cursos de crecimiento personal, acceso a internet, acompa\u00f1amiento y apoyo emocional con un costo minima a la familia. Las familias apoyan con sus gastos escolares. Sin la beca de alojamiento estas j\u00f3venes no podr\u00e1n seguir sus estudios. Las becas est\u00e1n disponibles para j\u00f3venes\u2026<\/p>","protected":false},"author":1,"featured_media":1057,"parent":0,"menu_order":0,"comment_status":"closed","ping_status":"closed","template":"","meta":{"content-type":"","footnotes":""},"class_list":["post-1050","page","type-page","status-publish","has-post-thumbnail","hentry"],"blocksy_meta":{"styles_descriptor":{"styles":{"desktop":"","tablet":"","mobile":""},"google_fonts":[],"version":5}},"jetpack_sharing_enabled":true,"brizy_media":[],"_links":{"self":[{"href":"https:\/\/centrodecompartimiento.org\/web\/en\/wp-json\/wp\/v2\/pages\/1050","targetHints":{"allow":["GET"]}}],"collection":[{"href":"https:\/\/centrodecompartimiento.org\/web\/en\/wp-json\/wp\/v2\/pages"}],"about":[{"href":"https:\/\/centrodecompartimiento.org\/web\/en\/wp-json\/wp\/v2\/types\/page"}],"author":[{"embeddable":true,"href":"https:\/\/centrodecompartimiento.org\/web\/en\/wp-json\/wp\/v2\/users\/1"}],"replies":[{"embeddable":true,"href":"https:\/\/centrodecompartimiento.org\/web\/en\/wp-json\/wp\/v2\/comments?post=1050"}],"version-history":[{"count":5,"href":"https:\/\/centrodecompartimiento.org\/web\/en\/wp-json\/wp\/v2\/pages\/1050\/revisions"}],"predecessor-version":[{"id":1416,"href":"https:\/\/centrodecompartimiento.org\/web\/en\/wp-json\/wp\/v2\/pages\/1050\/revisions\/1416"}],"wp:featuredmedia":[{"embeddable":true,"href":"https:\/\/centrodecompartimiento.org\/web\/en\/wp-json\/wp\/v2\/media\/1057"}],"wp:attachment":[{"href":"https:\/\/centrodecompartimiento.org\/web\/en\/wp-json\/wp\/v2\/media?parent=1050"}],"curies":[{"name":"wp","href":"https:\/\/api.w.org\/{rel}","templated":true}]}}