{"id":1350,"date":"2022-06-24T20:12:55","date_gmt":"2022-06-24T20:12:55","guid":{"rendered":"https:\/\/centrodecompartimiento.org\/web\/?page_id=1350"},"modified":"2022-06-24T21:10:43","modified_gmt":"2022-06-24T21:10:43","slug":"bibliografia-lider-siervo","status":"publish","type":"page","link":"https:\/\/centrodecompartimiento.org\/web\/en\/lider-siervo\/bibliografia-lider-siervo\/","title":{"rendered":"Bibliografia L\u00edder Siervo"},"content":{"rendered":"<figure class=\"wp-block-image size-large\"><img data-recalc-dims=\"1\" fetchpriority=\"high\" decoding=\"async\" width=\"1024\" height=\"435\" src=\"https:\/\/i0.wp.com\/centrodecompartimiento.org\/web\/wp-content\/uploads\/2022\/06\/94602910_1609307652568730_8609046848574849024_n.jpg?resize=1024%2C435&#038;ssl=1\" alt=\"\" class=\"wp-image-1359\" srcset=\"https:\/\/i0.wp.com\/centrodecompartimiento.org\/web\/wp-content\/uploads\/2022\/06\/94602910_1609307652568730_8609046848574849024_n.jpg?resize=1024%2C435&amp;ssl=1 1024w, https:\/\/i0.wp.com\/centrodecompartimiento.org\/web\/wp-content\/uploads\/2022\/06\/94602910_1609307652568730_8609046848574849024_n.jpg?resize=300%2C128&amp;ssl=1 300w, https:\/\/i0.wp.com\/centrodecompartimiento.org\/web\/wp-content\/uploads\/2022\/06\/94602910_1609307652568730_8609046848574849024_n.jpg?resize=768%2C326&amp;ssl=1 768w, https:\/\/i0.wp.com\/centrodecompartimiento.org\/web\/wp-content\/uploads\/2022\/06\/94602910_1609307652568730_8609046848574849024_n.jpg?w=1242&amp;ssl=1 1242w\" sizes=\"(max-width: 1024px) 100vw, 1024px\" \/><\/figure>\n\n\n\n<p class=\"has-palette-color-3-color has-text-color\">Aqu\u00ed se puede encontrar informes o enlaces a autores que leemos en nuestras programas de l\u00edder siervo, adem\u00e1s art\u00edculos de inter\u00e9s sobre el tema.  Les animamos a indagar mas sobre los ideas de L\u00edder Siervo.<\/p>\n\n\n\n<div class=\"wp-block-stackable-heading stk-block-heading stk-block stk-8c93485\" id=\"articulos-y-extractos\" data-block-id=\"8c93485\"><style>.stk-8c93485{margin-bottom:26px !important}<\/style><h2 class=\"stk-block-heading__text\">Articulos y Extractos<\/h2><\/div>\n\n\n\n<ul class=\"wp-block-list\"><li><\/li><\/ul>\n\n\n\n<div class=\"wp-block-stackable-heading stk-block-heading stk-block stk-12b5adf\" id=\"libros\" data-block-id=\"12b5adf\"><h2 class=\"stk-block-heading__text\">Libros <\/h2><\/div>\n\n\n\n<p>Hay enlaces para los libros disponibles a la venta en M\u00e9xico en espa\u00f1ol.  Varios son fuera de circulaci\u00f3n, y podemos prestar el libro si lo quiere leer.   La mayor\u00eda de estos libros est\u00e1n disponibles en ingles de vendedores en M\u00e9xico y EEUU.  (Porr\u00faa, Gandhi, Amazon etc.)<\/p>\n\n\n\n<ul class=\"wp-block-list\"><li>Greenleaf, Robert. (1991). <a rel=\"noreferrer noopener\" href=\"https:\/\/www.amazon.com.mx\/El-Servidor-Como-Lider-Servant-ebook\/dp\/B00BYGRWZ0\/ref=sr_1_2?__mk_es_MX=%C3%85M%C3%85%C5%BD%C3%95%C3%91&amp;crid=1XB1DBL6XXDLG&amp;keywords=robert+greenleaf&amp;qid=1656100378&amp;sprefix=robert+greenleaf%2Caps%2C928&amp;sr=8-2\" target=\"_blank\">El Servidor como L\u00edder<\/a>. New Jersey: Robert K. Greenleaf Center for Servant Leadership.<\/li><li>Nouwen, Henri. (1996). <a rel=\"noreferrer noopener\" href=\"https:\/\/es.scribd.com\/document\/35207105\/Nouwen-Henri-Tu-Eres-Mi-Amado\" target=\"_blank\">Tu Eres Mi Amado.<\/a>  Madrid: PPC, Editorial y Distribuidora, S.A. <\/li><li>Nouwen, Henri . (1992) En el Nombre de Jes\u00fas. Madrid: PPC, Editorial y Distribuidora, S.A. <\/li><li>Jones, Laurie Beth (1996). <a rel=\"noreferrer noopener\" href=\"https:\/\/www.amazon.com\/-\/es\/Laurie-Beth-Jones\/dp\/9687867019\" target=\"_blank\">Encuentra Tu Camino<\/a>.  Mexico: Grupo Inmobiliario Malsa Mexico, SA de CV. <\/li><li><a rel=\"noreferrer noopener\" href=\"https:\/\/www.academia.edu\/39553646\/La_imaginacion_profetica\" target=\"_blank\">Bruggeman, Walter (1978)  La Imaginaci\u00f3n Prof\u00e9tica. Espa\u00f1a: Editorial Sal Terrea<\/a> <\/li><li>Dozier, Verna. (2006) The Dream of God<em> (El Sue\u00f1o de Dios<\/em>). USA: Seabury Books<\/li><li>Harrison, Adelaida (2019) <a href=\"https:\/\/www.amazon.com.mx\/Transforma-vida-Eneagrama-crees-crea\/dp\/6077481823\/ref=sr_1_12?__mk_es_MX=%C3%85M%C3%85%C5%BD%C3%95%C3%91&amp;crid=3HY87OM8PW4Z6&amp;keywords=eneagram&amp;qid=1656102032&amp;sprefix=eneagram%2Caps%2C171&amp;sr=8-12\" target=\"_blank\" rel=\"noreferrer noopener\">Tranasforma tu Vida con el Eneagrama<\/a>. M\u00e9xico: Ediciones Urano<\/li><\/ul>\n\n\n\n<p><\/p>","protected":false},"excerpt":{"rendered":"<p>Aqu\u00ed se puede encontrar informes o enlaces a autores que leemos en nuestras programas de l\u00edder siervo, adem\u00e1s art\u00edculos de inter\u00e9s sobre el tema. Les animamos a indagar mas sobre los ideas de L\u00edder Siervo. Articulos y Extractos Libros Hay enlaces para los libros disponibles a la venta en M\u00e9xico en espa\u00f1ol. Varios son fuera de circulaci\u00f3n, y podemos prestar el libro si lo quiere leer. La mayor\u00eda de estos libros est\u00e1n disponibles en ingles de vendedores en M\u00e9xico y EEUU. (Porr\u00faa, Gandhi, Amazon etc.) Greenleaf, Robert. (1991). El Servidor como L\u00edder. New Jersey: Robert K. Greenleaf Center for Servant\u2026<\/p>","protected":false},"author":3,"featured_media":1359,"parent":1138,"menu_order":0,"comment_status":"closed","ping_status":"closed","template":"","meta":{"content-type":"","footnotes":""},"class_list":["post-1350","page","type-page","status-publish","has-post-thumbnail","hentry"],"blocksy_meta":{"styles_descriptor":{"styles":{"desktop":"","tablet":"","mobile":""},"google_fonts":[],"version":5}},"jetpack_sharing_enabled":true,"brizy_media":[],"_links":{"self":[{"href":"https:\/\/centrodecompartimiento.org\/web\/en\/wp-json\/wp\/v2\/pages\/1350","targetHints":{"allow":["GET"]}}],"collection":[{"href":"https:\/\/centrodecompartimiento.org\/web\/en\/wp-json\/wp\/v2\/pages"}],"about":[{"href":"https:\/\/centrodecompartimiento.org\/web\/en\/wp-json\/wp\/v2\/types\/page"}],"author":[{"embeddable":true,"href":"https:\/\/centrodecompartimiento.org\/web\/en\/wp-json\/wp\/v2\/users\/3"}],"replies":[{"embeddable":true,"href":"https:\/\/centrodecompartimiento.org\/web\/en\/wp-json\/wp\/v2\/comments?post=1350"}],"version-history":[{"count":5,"href":"https:\/\/centrodecompartimiento.org\/web\/en\/wp-json\/wp\/v2\/pages\/1350\/revisions"}],"predecessor-version":[{"id":1371,"href":"https:\/\/centrodecompartimiento.org\/web\/en\/wp-json\/wp\/v2\/pages\/1350\/revisions\/1371"}],"up":[{"embeddable":true,"href":"https:\/\/centrodecompartimiento.org\/web\/en\/wp-json\/wp\/v2\/pages\/1138"}],"wp:featuredmedia":[{"embeddable":true,"href":"https:\/\/centrodecompartimiento.org\/web\/en\/wp-json\/wp\/v2\/media\/1359"}],"wp:attachment":[{"href":"https:\/\/centrodecompartimiento.org\/web\/en\/wp-json\/wp\/v2\/media?parent=1350"}],"curies":[{"name":"wp","href":"https:\/\/api.w.org\/{rel}","templated":true}]}}