{"id":593,"date":"2022-02-19T16:51:00","date_gmt":"2022-02-19T16:51:00","guid":{"rendered":"https:\/\/demo.creativethemes.com\/stagingthree\/?page_id=593"},"modified":"2022-06-08T15:04:35","modified_gmt":"2022-06-08T15:04:35","slug":"nosotras","status":"publish","type":"page","link":"https:\/\/centrodecompartimiento.org\/web\/en\/nosotras\/","title":{"rendered":"Nosotras"},"content":{"rendered":"<div class=\"wp-block-stackable-spacer stk-block-spacer stk--no-padding stk-block stk-6a8268d\" data-block-id=\"6a8268d\"><style>.stk-6a8268d{height:50px !important}@media screen and (max-width:999px){.stk-6a8268d{height:80px !important}}<\/style><\/div>\n\n\n\n<div class=\"wp-block-stackable-divider alignwide stk-block-divider stk-block stk-a583986\" data-block-id=\"a583986\"><hr class=\"stk-block-divider__hr\"\/><\/div>\n\n\n\n<div class=\"wp-block-stackable-columns alignfull stk-block-columns stk-block stk-47369fb\" data-block-id=\"47369fb\"><style>.stk-47369fb .stk--block-align-47369fb{align-items:center !important}.stk-47369fb{margin-right:auto !important;margin-bottom:0px !important;margin-left:auto !important}.stk-47369fb-column{--stk-column-gap:50px !important;row-gap:50px !important}<\/style><div class=\"stk-row stk-inner-blocks stk--block-align-47369fb stk-block-content stk-content-align stk-47369fb-column\">\n<div class=\"wp-block-stackable-column stk-block-column stk-column stk-block stk-1da631d\" data-block-id=\"1da631d\"><style>.stk-1da631d{margin-right:auto !important;margin-left:auto !important}.stk-1da631d-container{margin-top:0px !important;margin-right:0px !important;margin-bottom:0px !important;margin-left:0px !important}<\/style><div class=\"stk-column-wrapper stk-block-column__content stk-container stk-1da631d-container stk--no-background stk--no-padding\"><div class=\"stk-block-content stk-inner-blocks\">\n<div class=\"wp-block-stackable-heading stk-block-heading stk-block stk-ad9fe3a\" id=\"nuestros-inicios\" data-block-id=\"ad9fe3a\"><style>.stk-ad9fe3a{margin-bottom:35px !important}.stk-ad9fe3a .stk-block-heading__text{font-size:40px !important;margin:0 !important;line-height:1.2em !important}@media screen and (max-width:999px){.stk-ad9fe3a .stk-block-heading__text{font-size:30px !important}}<\/style><h2 class=\"stk-block-heading__text has-text-align-center-mobile\">Nuestros inicios<\/h2><\/div>\n\n\n\n<p>El Centro de Compartimiento naci\u00f3 en 2005 de un profundo deseo de darles a las j\u00f3venes de comunidades peque\u00f1as y remotas de Oaxaca acceso a la educaci\u00f3n medio superior y universitaria mientras viv\u00edan en una comunidad residencial centrada en Cristo en torno a los principios del l\u00edder siervo.&nbsp; Recibimos nuestras primeras becarias en 2006 con capacidad para quince becarias entre las edades de doce a veinte tres a\u00f1os para estudiar en instituciones ubicada en Juchitan de Zaragoza y El Espinal Oaxaca.&nbsp; Nuestro sue\u00f1o era proveer un hogar seguro para que estas j\u00f3venes pudieron seguir sus estudios sin preocuparse de alojamiento y alimento, por lo cual no hab\u00eda costo para la familia ni la joven.&nbsp;<\/p>\n\n\n\n<p>Con tiempo vimos la necesidad de no solo alojar a las j\u00f3venes, pero apoyarlas en su crecimiento personal.&nbsp; Residentes de comunidades muy peque\u00f1as ellas se necesitaban ajustarse a la vida de en la ciudad lejos de sus familias.&nbsp; Tambi\u00e9n varias de ellas hab\u00edan vividos situaciones de trauma en sus vidas que requiera sanar para seguir con sus estudios, violencia comunitaria, alcoholismo en la familia, padres ausentes, perdidas, y violencia familia entre muchos.&nbsp;&nbsp; Con el ambiente de amor y hermandad de la casa las j\u00f3venes no solo terminaban sus estudios, pero sanaron de sus heridas.<\/p>\n<\/div><\/div><\/div>\n\n\n\n<div class=\"wp-block-stackable-column stk-block-column stk-column stk-block stk-43cb914\" data-block-id=\"43cb914\"><style>.stk-43cb914{margin-right:auto !important;margin-left:auto !important}.stk-43cb914-container{margin-top:0px !important;margin-right:0px !important;margin-bottom:0px !important;margin-left:0px !important}<\/style><div class=\"stk-column-wrapper stk-block-column__content stk-container stk-43cb914-container stk--no-background stk--no-padding\"><div class=\"stk-block-content stk-inner-blocks\">\n<div class=\"wp-block-stackable-image stk-block-image stk-block stk-eed47b0\" data-block-id=\"eed47b0\"><style>.stk-eed47b0 .stk-img-wrapper{width:100% !important;height:355px !important;filter:drop-shadow(0px 5px 10px rgba(153,153,153,0.35)) !important}.stk-eed47b0 .stk-img-wrapper img{border-radius:15px !important}<\/style><figure class=\"stk-img-wrapper stk-image--shape-stretch stk--shadow-0px 5px 10px rgba(153, 153, 153, 0.35)\"><img data-recalc-dims=\"1\" fetchpriority=\"high\" decoding=\"async\" class=\"stk-img wp-image-1115\" src=\"https:\/\/i0.wp.com\/centrodecompartimiento.org\/web\/wp-content\/uploads\/2022\/06\/contact2.jpeg?resize=640%2C480&#038;ssl=1\" width=\"640\" height=\"480\" srcset=\"https:\/\/i0.wp.com\/centrodecompartimiento.org\/web\/wp-content\/uploads\/2022\/06\/contact2.jpeg?w=640&amp;ssl=1 640w, https:\/\/i0.wp.com\/centrodecompartimiento.org\/web\/wp-content\/uploads\/2022\/06\/contact2.jpeg?resize=300%2C225&amp;ssl=1 300w\" sizes=\"(max-width: 640px) 100vw, 640px\" \/><\/figure><\/div>\n<\/div><\/div><\/div>\n<\/div><\/div>\n\n\n\n<div class=\"wp-block-stackable-spacer stk-block-spacer stk--no-padding stk-block stk-0c5a20f\" data-block-id=\"0c5a20f\"><style>.stk-0c5a20f{height:70px !important}@media screen and (max-width:999px){.stk-0c5a20f{height:80px !important}}<\/style><\/div>\n\n\n\n<div class=\"wp-block-stackable-columns alignfull ct-mobile-order stk-block-columns stk-block stk-80c3c8a\" data-block-id=\"80c3c8a\"><style>.stk-80c3c8a .stk--block-align-80c3c8a{align-items:center !important}.stk-80c3c8a{margin-right:auto !important;margin-bottom:0px !important;margin-left:auto !important}.stk-80c3c8a-column{--stk-column-gap:50px !important;row-gap:50px !important}<\/style><div class=\"stk-row stk-inner-blocks stk--block-align-80c3c8a stk-block-content stk-content-align stk-80c3c8a-column\">\n<div class=\"wp-block-stackable-column stk-block-column stk-column stk-block stk-67a427e\" data-block-id=\"67a427e\"><style>.stk-67a427e{margin-right:auto !important;margin-left:auto !important}.stk-67a427e-container{margin-top:0px !important;margin-right:0px !important;margin-bottom:0px !important;margin-left:0px !important}<\/style><div class=\"stk-column-wrapper stk-block-column__content stk-container stk-67a427e-container stk--no-background stk--no-padding\"><div class=\"stk-block-content stk-inner-blocks\">\n<div class=\"wp-block-stackable-image stk-block-image stk-block stk-8c9a8e7\" data-block-id=\"8c9a8e7\"><style>.stk-8c9a8e7 .stk-img-wrapper{width:100% !important;height:369px !important;filter:drop-shadow(0px 5px 10px rgba(153,153,153,0.35)) !important}.stk-8c9a8e7 .stk-img-wrapper img{border-radius:15px !important}<\/style><figure class=\"stk-img-wrapper stk-image--shape-stretch stk--shadow-0px 5px 10px rgba(153, 153, 153, 0.35)\"><img data-recalc-dims=\"1\" decoding=\"async\" class=\"stk-img wp-image-1119\" src=\"https:\/\/i0.wp.com\/centrodecompartimiento.org\/web\/wp-content\/uploads\/2022\/06\/nosotras.jpeg?resize=1024%2C852&#038;ssl=1\" width=\"1024\" height=\"852\" srcset=\"https:\/\/i0.wp.com\/centrodecompartimiento.org\/web\/wp-content\/uploads\/2022\/06\/nosotras.jpeg?w=1024&amp;ssl=1 1024w, https:\/\/i0.wp.com\/centrodecompartimiento.org\/web\/wp-content\/uploads\/2022\/06\/nosotras.jpeg?resize=300%2C250&amp;ssl=1 300w, https:\/\/i0.wp.com\/centrodecompartimiento.org\/web\/wp-content\/uploads\/2022\/06\/nosotras.jpeg?resize=768%2C639&amp;ssl=1 768w\" sizes=\"(max-width: 1024px) 100vw, 1024px\" \/><\/figure><\/div>\n<\/div><\/div><\/div>\n\n\n\n<div class=\"wp-block-stackable-column stk-block-column stk-column stk-block stk-3a8c4eb\" data-block-id=\"3a8c4eb\"><style>.stk-3a8c4eb{margin-right:auto !important;margin-left:auto !important}.stk-3a8c4eb-container{margin-top:0px !important;margin-right:0px !important;margin-bottom:0px !important;margin-left:0px !important}<\/style><div class=\"stk-column-wrapper stk-block-column__content stk-container stk-3a8c4eb-container stk--no-background stk--no-padding\"><div class=\"stk-block-content stk-inner-blocks\">\n<div class=\"wp-block-stackable-heading stk-block-heading stk-block stk-03e6813\" id=\"nosotras-somos-un-equipo-fuerte\" data-block-id=\"03e6813\"><style>.stk-03e6813{margin-bottom:35px !important}.stk-03e6813 .stk-block-heading__text{font-size:40px !important;margin:0 !important;line-height:1.2em !important}@media screen and (max-width:999px){.stk-03e6813 .stk-block-heading__text{font-size:30px !important}}<\/style><h2 class=\"stk-block-heading__text has-text-align-center-mobile\">Nosotras somos un equipo fuerte!<\/h2><\/div>\n\n\n\n<p>En 2014, el Centro de Compartimiento entr\u00f3 en un nuevo cap\u00edtulo en su vida a trav\u00e9s de la oferta de su primer curso de formaci\u00f3n de L\u00edder Siervo para adultos en la comunidad local. Este curso ha ofrecido un comienzo en la formaci\u00f3n de una comunidad dirigida por ind\u00edgenas para la ense\u00f1anza y pr\u00e1ctica de L\u00edder Siervo en nuestra regi\u00f3n. Los cursos de L\u00edder Siervo han logrado que miembros de la comunidad se involucraron m\u00e1s en las actividades de Centro de Compartimiento. Son excelentes mentores para las estudiantes y defensores de su cultura, de las mujeres y del programa.&nbsp;&nbsp;<\/p>\n\n\n\n<p>En 2015 el Centro de Compartimiento abrieron sus primeros cursos y talleres de crecimiento personal y espiritual para el p\u00fablico en general.<\/p>\n<\/div><\/div><\/div>\n<\/div><\/div>\n\n\n\n<div class=\"wp-block-stackable-spacer stk-block-spacer stk--no-padding stk-block stk-551bfce\" data-block-id=\"551bfce\"><style>.stk-551bfce{height:39px !important}@media screen and (max-width:999px){.stk-551bfce{height:80px !important}}<\/style><\/div>\n\n\n\n<div class=\"wp-block-stackable-divider alignwide stk-block-divider stk-block stk-35cce9f\" data-block-id=\"35cce9f\"><hr class=\"stk-block-divider__hr\"\/><\/div>\n\n\n\n<div class=\"wp-block-stackable-spacer stk-block-spacer stk--no-padding stk-block stk-774e226\" data-block-id=\"774e226\"><style>.stk-774e226{height:39px !important}@media screen and (max-width:999px){.stk-774e226{height:80px !important}}<\/style><\/div>","protected":false},"excerpt":{"rendered":"<p>Nuestros inicios El Centro de Compartimiento naci\u00f3 en 2005 de un profundo deseo de darles a las j\u00f3venes de comunidades peque\u00f1as y remotas de Oaxaca acceso a la educaci\u00f3n medio superior y universitaria mientras viv\u00edan en una comunidad residencial centrada en Cristo en torno a los principios del l\u00edder siervo.&nbsp; Recibimos nuestras primeras becarias en 2006 con capacidad para quince becarias entre las edades de doce a veinte tres a\u00f1os para estudiar en instituciones ubicada en Juchitan de Zaragoza y El Espinal Oaxaca.&nbsp; Nuestro sue\u00f1o era proveer un hogar seguro para que estas j\u00f3venes pudieron seguir sus estudios sin preocuparse\u2026<\/p>","protected":false},"author":1,"featured_media":996,"parent":0,"menu_order":0,"comment_status":"closed","ping_status":"closed","template":"","meta":{"content-type":"","footnotes":""},"class_list":["post-593","page","type-page","status-publish","has-post-thumbnail","hentry"],"blocksy_meta":{"styles_descriptor":{"styles":{"desktop":"","tablet":"","mobile":""},"google_fonts":[],"version":5}},"jetpack_sharing_enabled":true,"brizy_media":[],"_links":{"self":[{"href":"https:\/\/centrodecompartimiento.org\/web\/en\/wp-json\/wp\/v2\/pages\/593","targetHints":{"allow":["GET"]}}],"collection":[{"href":"https:\/\/centrodecompartimiento.org\/web\/en\/wp-json\/wp\/v2\/pages"}],"about":[{"href":"https:\/\/centrodecompartimiento.org\/web\/en\/wp-json\/wp\/v2\/types\/page"}],"author":[{"embeddable":true,"href":"https:\/\/centrodecompartimiento.org\/web\/en\/wp-json\/wp\/v2\/users\/1"}],"replies":[{"embeddable":true,"href":"https:\/\/centrodecompartimiento.org\/web\/en\/wp-json\/wp\/v2\/comments?post=593"}],"version-history":[{"count":5,"href":"https:\/\/centrodecompartimiento.org\/web\/en\/wp-json\/wp\/v2\/pages\/593\/revisions"}],"predecessor-version":[{"id":1235,"href":"https:\/\/centrodecompartimiento.org\/web\/en\/wp-json\/wp\/v2\/pages\/593\/revisions\/1235"}],"wp:featuredmedia":[{"embeddable":true,"href":"https:\/\/centrodecompartimiento.org\/web\/en\/wp-json\/wp\/v2\/media\/996"}],"wp:attachment":[{"href":"https:\/\/centrodecompartimiento.org\/web\/en\/wp-json\/wp\/v2\/media?parent=593"}],"curies":[{"name":"wp","href":"https:\/\/api.w.org\/{rel}","templated":true}]}}