{"id":1140,"date":"2022-06-03T18:27:39","date_gmt":"2022-06-03T18:27:39","guid":{"rendered":"https:\/\/centrodecompartimiento.org\/web\/?page_id=1140"},"modified":"2022-06-03T18:27:39","modified_gmt":"2022-06-03T18:27:39","slug":"circulos-de-lectura","status":"publish","type":"page","link":"https:\/\/centrodecompartimiento.org\/web\/circulos-de-lectura\/","title":{"rendered":"C\u00edrculos de lectura"},"content":{"rendered":"\n<div class=\"wp-block-stackable-spacer stk-block-spacer stk--no-padding stk-block stk-b5bc0ea\" data-block-id=\"b5bc0ea\"><style>.stk-b5bc0ea{height:86px !important}<\/style><\/div>\n\n\n\n<div class=\"wp-block-stackable-image stk-block-image stk-block stk-29359c7\" data-block-id=\"29359c7\"><style>.stk-29359c7{margin-bottom:4px !important}<\/style><\/div>\n\n\n\n<div class=\"wp-block-stackable-spacer stk-block-spacer stk--no-padding stk-block stk-aea7eb1\" data-block-id=\"aea7eb1\"><style>.stk-aea7eb1{height:17px !important}<\/style><\/div>\n\n\n\n<div class=\"wp-block-stackable-columns stk-block-columns stk-block stk-84af4c2\" data-block-id=\"84af4c2\"><style>.stk-84af4c2{margin-bottom:14px !important}<\/style><div class=\"stk-row stk-inner-blocks stk-block-content stk-content-align stk-84af4c2-column\">\n<div class=\"wp-block-stackable-column stk-block-column stk-column stk-block stk-502ddd5\" data-block-id=\"502ddd5\"><div class=\"stk-column-wrapper stk-block-column__content stk-container stk-502ddd5-container stk--no-background stk--no-padding\"><div class=\"stk-block-content stk-inner-blocks\">\n<h2 class=\"alignwide has-text-align-center wp-block-heading\">C\u00edrculos de lectura<\/h2>\n<\/div><\/div><\/div>\n<\/div><\/div>\n\n\n\n<div class=\"wp-block-stackable-columns aligncenter stk-block-columns stk-block stk-9a936c7 stk-block-background\" data-block-id=\"9a936c7\"><style>.stk-9a936c7{background-color:#feecff !important}.stk-9a936c7:before{background-color:#feecff !important}.stk-9a936c7{margin-bottom:50px !important}<\/style><div class=\"stk-row stk-inner-blocks stk-block-content stk-content-align stk-9a936c7-column\">\n<div class=\"wp-block-stackable-column stk-block-column stk-column stk-block stk-39609dd\" data-block-id=\"39609dd\"><style>.stk-39609dd{align-self:stretch !important}<\/style><div class=\"stk-column-wrapper stk-block-column__content stk-container stk-39609dd-container stk--no-background stk--no-padding\"><div class=\"stk-block-content stk-inner-blocks\">\n<div class=\"wp-block-stackable-columns stk-block-columns stk-block stk-579f647\" data-block-id=\"579f647\"><div class=\"stk-row stk-inner-blocks stk-block-content stk-content-align stk-579f647-column\">\n<div class=\"wp-block-stackable-column stk-block-column stk-column stk-block stk-2831fd8\" data-block-id=\"2831fd8\"><style>@media screen and (min-width:690px){.stk-2831fd8{flex:1 1 calc(15.2% - var(--stk-column-gap,0px) * 2 \/ 3 ) !important}}<\/style><div class=\"stk-column-wrapper stk-block-column__content stk-container stk-2831fd8-container stk--no-background stk--no-padding\"><div class=\"stk-block-content stk-inner-blocks\"><\/div><\/div><\/div>\n\n\n\n<div class=\"wp-block-stackable-column stk-block-column stk-column stk-block stk-ade58bd\" data-block-id=\"ade58bd\"><style>@media screen and (min-width:690px){.stk-ade58bd{flex:1 1 calc(69.6% - var(--stk-column-gap,0px) * 2 \/ 3 ) !important}}<\/style><div class=\"stk-column-wrapper stk-block-column__content stk-container stk-ade58bd-container stk--no-background stk--no-padding\"><div class=\"stk-block-content stk-inner-blocks\">\n<p>Ofrecemos c\u00edrculos de lectura para crecimiento personal.\u00a0 Los temas son diversos, crecimiento personal, el perd\u00f3n, crecimiento espiritual, vulnerabilidad.\u00a0 Utilizando libros de autores conocidos nacionales y internacionales reunimos con grupos de diez a quince personas semanalmente para leer y compartir experiencias.\u00a0 \u00a0Tenemos diferentes c\u00edrculos para adultos, ni\u00f1os y j\u00f3venes. \u00a0\u00a0<\/p>\n\n\n\n<p>Centro de Compartimiento tambi\u00e9n tiene horarios de lectura individual con libros disponibles en las instalaciones de la asociaci\u00f3n.&nbsp; Tenemos libros disponibles para todo edades.&nbsp;<\/p>\n<\/div><\/div><\/div>\n\n\n\n<div class=\"wp-block-stackable-column stk-block-column stk-column stk-block stk-ae6caec\" data-block-id=\"ae6caec\"><style>@media screen and (min-width:690px){.stk-ae6caec{flex:1 1 calc(15.2% - var(--stk-column-gap,0px) * 2 \/ 3 ) !important}}<\/style><div class=\"stk-column-wrapper stk-block-column__content stk-container stk-ae6caec-container stk--no-background stk--no-padding\"><div class=\"stk-block-content stk-inner-blocks\"><\/div><\/div><\/div>\n<\/div><\/div>\n<\/div><\/div><\/div>\n<\/div><\/div>\n\n\n\n<div class=\"wp-block-stackable-columns stk-block-columns stk-block stk-8a8a4aa\" data-block-id=\"8a8a4aa\"><div class=\"stk-row stk-inner-blocks stk-block-content stk-content-align stk-8a8a4aa-column\">\n<div class=\"wp-block-stackable-column stk-block-column stk-column stk-block stk-31e3e46\" data-block-id=\"31e3e46\"><div class=\"stk-column-wrapper stk-block-column__content stk-container stk-31e3e46-container stk--no-background stk--no-padding\"><div class=\"stk-block-content stk-inner-blocks\">\n<h5 class=\"has-text-align-center has-palette-color-6-color has-text-color has-background wp-block-heading\" style=\"background-color:#830cc4\">Formulario de informaci\u00f3n<\/h5>\n<\/div><\/div><\/div>\n<\/div><\/div>\n\n\n\n<div class=\"wp-block-stackable-columns stk-block-columns stk-block stk-bcf1a98\" data-block-id=\"bcf1a98\"><style>.stk-bcf1a98{margin-bottom:109px !important}<\/style><div class=\"stk-row stk-inner-blocks stk-block-content stk-content-align stk-bcf1a98-column\">\n<div class=\"wp-block-stackable-column stk-block-column stk-column stk-block stk-6f648c3\" data-block-id=\"6f648c3\"><style>@media screen and (min-width:690px){.stk-6f648c3{flex:1 1 calc(25% - var(--stk-column-gap,0px) * 2 \/ 3 ) !important}}<\/style><div class=\"stk-column-wrapper stk-block-column__content stk-container stk-6f648c3-container stk--no-background stk--no-padding\"><div class=\"stk-block-content stk-inner-blocks\"><\/div><\/div><\/div>\n\n\n\n<div class=\"wp-block-stackable-column stk-block-column stk-column stk-block stk-07a9b80\" data-block-id=\"07a9b80\"><style>@media screen and (min-width:690px){.stk-07a9b80{flex:1 1 calc(50% - var(--stk-column-gap,0px) * 2 \/ 3 ) !important}}<\/style><div class=\"stk-column-wrapper stk-block-column__content stk-container stk-07a9b80-container stk--no-background stk--no-padding\"><div class=\"stk-block-content stk-inner-blocks\"><div class=\"wpforms-container \" id=\"wpforms-1073\"><form id=\"wpforms-form-1073\" class=\"wpforms-validate wpforms-form wpforms-ajax-form\" data-formid=\"1073\" method=\"post\" enctype=\"multipart\/form-data\" action=\"\/web\/wp-json\/wp\/v2\/pages\/1140\" data-token=\"94cb4aaedec3b80d8308a98da875561e\"><noscript class=\"wpforms-error-noscript\">Por favor, activa JavaScript en tu navegador para completar este formulario.<\/noscript><div class=\"wpforms-field-container\"><div id=\"wpforms-1073-field_0-container\" class=\"wpforms-field wpforms-field-name\" data-field-id=\"0\"><label class=\"wpforms-field-label\" for=\"wpforms-1073-field_0\">Nombre <span class=\"wpforms-required-label\">*<\/span><\/label><div class=\"wpforms-field-row wpforms-field-medium\"><div class=\"wpforms-field-row-block wpforms-first wpforms-one-half\"><input type=\"text\" id=\"wpforms-1073-field_0\" class=\"wpforms-field-name-first wpforms-field-required\" name=\"wpforms[fields][0][first]\" required><label for=\"wpforms-1073-field_0\" class=\"wpforms-field-sublabel after \">Nombre<\/label><\/div><div class=\"wpforms-field-row-block wpforms-one-half\"><input type=\"text\" id=\"wpforms-1073-field_0-last\" class=\"wpforms-field-name-last wpforms-field-required\" name=\"wpforms[fields][0][last]\" required><label for=\"wpforms-1073-field_0-last\" class=\"wpforms-field-sublabel after \">Apellidos<\/label><\/div><\/div><\/div><div id=\"wpforms-1073-field_1-container\" class=\"wpforms-field wpforms-field-email\" data-field-id=\"1\"><label class=\"wpforms-field-label\" for=\"wpforms-1073-field_1\">Email <span class=\"wpforms-required-label\">*<\/span><\/label><input type=\"email\" id=\"wpforms-1073-field_1\" class=\"wpforms-field-medium wpforms-field-required\" name=\"wpforms[fields][1]\" required><\/div><div id=\"wpforms-1073-field_3-container\" class=\"wpforms-field wpforms-field-phone\" data-field-id=\"3\"><label class=\"wpforms-field-label\" for=\"wpforms-1073-field_3\">Tel\u00e9fono <span class=\"wpforms-required-label\">*<\/span><\/label><input type=\"tel\" id=\"wpforms-1073-field_3\" class=\"wpforms-field-medium wpforms-field-required wpforms-smart-phone-field\" data-rule-smart-phone-field=\"true\" name=\"wpforms[fields][3]\" required><\/div><div id=\"wpforms-1073-field_2-container\" class=\"wpforms-field wpforms-field-textarea\" data-field-id=\"2\"><label class=\"wpforms-field-label\" for=\"wpforms-1073-field_2\">Comentarios adjuntos<\/label><textarea id=\"wpforms-1073-field_2\" class=\"wpforms-field-medium\" name=\"wpforms[fields][2]\" ><\/textarea><\/div><\/div><div class=\"wpforms-submit-container\"><input type=\"hidden\" name=\"wpforms[id]\" value=\"1073\"><input type=\"hidden\" name=\"wpforms[author]\" value=\"1\"><button type=\"submit\" name=\"wpforms[submit]\" id=\"wpforms-submit-1073\" class=\"wpforms-submit\" data-alt-text=\"enviando...\" data-submit-text=\"enviar\" aria-live=\"assertive\" value=\"wpforms-submit\">enviar<\/button><img decoding=\"async\" src=\"https:\/\/centrodecompartimiento.org\/web\/wp-content\/plugins\/wpforms\/assets\/images\/submit-spin.svg\" class=\"wpforms-submit-spinner\" style=\"display: none;\" width=\"26\" height=\"26\" alt=\"\"><\/div><\/form><\/div>  <!-- .wpforms-container --><\/div><\/div><\/div>\n\n\n\n<div class=\"wp-block-stackable-column stk-block-column stk-column stk-block stk-ae2b788\" data-block-id=\"ae2b788\"><style>@media screen and (min-width:690px){.stk-ae2b788{flex:1 1 calc(25% - var(--stk-column-gap,0px) * 2 \/ 3 ) !important}}<\/style><div class=\"stk-column-wrapper stk-block-column__content stk-container stk-ae2b788-container stk--no-background stk--no-padding\"><div class=\"stk-block-content stk-inner-blocks\"><\/div><\/div><\/div>\n<\/div><\/div>\n","protected":false},"excerpt":{"rendered":"<p>C\u00edrculos de lectura Ofrecemos c\u00edrculos de lectura para crecimiento personal.\u00a0 Los temas son diversos, crecimiento personal, el perd\u00f3n, crecimiento espiritual, vulnerabilidad.\u00a0 Utilizando libros de autores conocidos nacionales y internacionales reunimos con grupos de diez a quince personas semanalmente para leer y compartir experiencias.\u00a0 \u00a0Tenemos diferentes c\u00edrculos para adultos, ni\u00f1os y j\u00f3venes. \u00a0\u00a0 Centro de Compartimiento tambi\u00e9n tiene horarios de lectura individual con libros disponibles en las instalaciones de la asociaci\u00f3n.&nbsp; Tenemos libros disponibles para todo edades.&nbsp; Formulario de informaci\u00f3n<\/p>\n","protected":false},"author":1,"featured_media":0,"parent":0,"menu_order":0,"comment_status":"closed","ping_status":"closed","template":"","meta":{"content-type":"","footnotes":""},"class_list":["post-1140","page","type-page","status-publish","hentry"],"blocksy_meta":{"styles_descriptor":{"styles":{"desktop":"","tablet":"","mobile":""},"google_fonts":[],"version":5}},"jetpack_sharing_enabled":true,"brizy_media":[],"_links":{"self":[{"href":"https:\/\/centrodecompartimiento.org\/web\/wp-json\/wp\/v2\/pages\/1140","targetHints":{"allow":["GET"]}}],"collection":[{"href":"https:\/\/centrodecompartimiento.org\/web\/wp-json\/wp\/v2\/pages"}],"about":[{"href":"https:\/\/centrodecompartimiento.org\/web\/wp-json\/wp\/v2\/types\/page"}],"author":[{"embeddable":true,"href":"https:\/\/centrodecompartimiento.org\/web\/wp-json\/wp\/v2\/users\/1"}],"replies":[{"embeddable":true,"href":"https:\/\/centrodecompartimiento.org\/web\/wp-json\/wp\/v2\/comments?post=1140"}],"version-history":[{"count":1,"href":"https:\/\/centrodecompartimiento.org\/web\/wp-json\/wp\/v2\/pages\/1140\/revisions"}],"predecessor-version":[{"id":1141,"href":"https:\/\/centrodecompartimiento.org\/web\/wp-json\/wp\/v2\/pages\/1140\/revisions\/1141"}],"wp:attachment":[{"href":"https:\/\/centrodecompartimiento.org\/web\/wp-json\/wp\/v2\/media?parent=1140"}],"curies":[{"name":"wp","href":"https:\/\/api.w.org\/{rel}","templated":true}]}}