{"id":682,"date":"2022-02-20T07:07:33","date_gmt":"2022-02-20T07:07:33","guid":{"rendered":"https:\/\/demo.creativethemes.com\/stagingthree\/?page_id=682"},"modified":"2022-06-06T18:41:19","modified_gmt":"2022-06-06T18:41:19","slug":"voluntarios","status":"publish","type":"page","link":"https:\/\/centrodecompartimiento.org\/web\/voluntarios\/","title":{"rendered":"Nuestro equipo"},"content":{"rendered":"\n<div class=\"wp-block-stackable-spacer stk-block-spacer stk--no-padding stk-block stk-6090630\" data-block-id=\"6090630\"><style>.stk-6090630{height:50px !important}@media screen and (max-width:999px){.stk-6090630{height:80px !important}}<\/style><\/div>\n\n\n\n<div class=\"wp-block-stackable-heading stk-block-heading stk-block stk-41f6f5a\" id=\"la-familia-de-centro-de-compartimiento\" data-block-id=\"41f6f5a\"><style>.stk-41f6f5a{margin-bottom:16px !important}.stk-41f6f5a .stk-block-heading__text{margin:0 !important;line-height:1.2em !important}<\/style><h2 class=\"stk-block-heading__text has-text-align-center\">La familia de Centro De Compartimiento<\/h2><\/div>\n\n\n\n<div class=\"wp-block-stackable-text stk-block-text stk-block stk-8e78d5e\" data-block-id=\"8e78d5e\"><style>.stk-8e78d5e{margin-bottom:0px !important}<\/style><p class=\"stk-block-text__text has-text-align-center\">Quienes trabajan dentro de la comunidad.<\/p><\/div>\n\n\n\n<div class=\"wp-block-stackable-spacer stk-block-spacer stk--no-padding stk-block stk-54e71a5\" data-block-id=\"54e71a5\"><style>.stk-54e71a5{height:70px !important}@media screen and (max-width:999px){.stk-54e71a5{height:50px !important}}<\/style><\/div>\n\n\n\n<div class=\"wp-block-stackable-columns aligncenter stk-block-columns stk-block stk-51b7e7a\" data-block-id=\"51b7e7a\"><style>.stk-51b7e7a{margin-bottom:0px !important}.stk-51b7e7a-column{--stk-column-gap:35px !important}@media screen and (max-width:999px){.stk-51b7e7a-column{--stk-column-gap:20px !important}}@media screen and (max-width:689px){.stk-51b7e7a-column{row-gap:50px !important}}<\/style><div class=\"stk-row stk-inner-blocks stk-block-content stk-content-align stk-51b7e7a-column\">\n<div class=\"wp-block-stackable-column stk-block-column stk-column stk-block stk-47ff57d\" data-block-id=\"47ff57d\"><style>@media screen and (max-width:689px){.stk-47ff57d{flex:0 1 calc(50% - var(--stk-column-gap,0px) * 1 \/ 2 ) !important}}.stk-47ff57d-container{margin-top:0px !important;margin-right:0px !important;margin-bottom:0px !important;margin-left:0px !important}<\/style><div class=\"stk-column-wrapper stk-block-column__content stk-container stk-47ff57d-container stk--no-background stk--no-padding\"><div class=\"stk-block-content stk-inner-blocks\">\n<figure class=\"wp-block-image size-full\"><img data-recalc-dims=\"1\" fetchpriority=\"high\" decoding=\"async\" width=\"300\" height=\"350\" src=\"https:\/\/i0.wp.com\/centrodecompartimiento.org\/web\/wp-content\/uploads\/2022\/06\/adela.png?resize=300%2C350&#038;ssl=1\" alt=\"\" class=\"wp-image-1179\" srcset=\"https:\/\/i0.wp.com\/centrodecompartimiento.org\/web\/wp-content\/uploads\/2022\/06\/adela.png?w=300&amp;ssl=1 300w, https:\/\/i0.wp.com\/centrodecompartimiento.org\/web\/wp-content\/uploads\/2022\/06\/adela.png?resize=257%2C300&amp;ssl=1 257w\" sizes=\"(max-width: 300px) 100vw, 300px\" \/><\/figure>\n\n\n\n<div class=\"wp-block-stackable-heading stk-block-heading stk-block stk-0e319cf\" id=\"adela-toledo-luis\" data-block-id=\"0e319cf\"><style>.stk-0e319cf{padding-top:0px !important;padding-right:0px !important;padding-bottom:0px !important;padding-left:0px !important;margin-bottom:10px !important}.stk-0e319cf .stk-block-heading__text{margin:0 !important}<\/style><h5 class=\"stk-block-heading__text has-text-align-center\">Adela Toledo Luis<\/h5><\/div>\n\n\n\n<div class=\"wp-block-stackable-text stk-block-text stk-block stk-4e826c7\" data-block-id=\"4e826c7\"><style>.stk-4e826c7 .stk-block-text__text{color:#aaaaaa !important}<\/style><p class=\"stk-block-text__text has-text-color has-text-align-center\">Directora General<\/p><\/div>\n<\/div><\/div><\/div>\n\n\n\n<div class=\"wp-block-stackable-column stk-block-column stk-column stk-block stk-e1a7cf4\" data-block-id=\"e1a7cf4\"><style>@media screen and (max-width:689px){.stk-e1a7cf4{flex:0 1 calc(50% - var(--stk-column-gap,0px) * 1 \/ 2 ) !important}}.stk-e1a7cf4-container{margin-top:0px !important;margin-right:0px !important;margin-bottom:0px !important;margin-left:0px !important}<\/style><div class=\"stk-column-wrapper stk-block-column__content stk-container stk-e1a7cf4-container stk--no-background stk--no-padding\"><div class=\"stk-block-content stk-inner-blocks\">\n<figure class=\"wp-block-image size-full\"><img data-recalc-dims=\"1\" decoding=\"async\" width=\"300\" height=\"350\" src=\"https:\/\/i0.wp.com\/centrodecompartimiento.org\/web\/wp-content\/uploads\/2022\/06\/kristyn.jpg?resize=300%2C350&#038;ssl=1\" alt=\"\" class=\"wp-image-981\" srcset=\"https:\/\/i0.wp.com\/centrodecompartimiento.org\/web\/wp-content\/uploads\/2022\/06\/kristyn.jpg?w=300&amp;ssl=1 300w, https:\/\/i0.wp.com\/centrodecompartimiento.org\/web\/wp-content\/uploads\/2022\/06\/kristyn.jpg?resize=257%2C300&amp;ssl=1 257w\" sizes=\"(max-width: 300px) 100vw, 300px\" \/><\/figure>\n\n\n\n<div class=\"wp-block-stackable-heading stk-block-heading stk-block stk-13c3c30\" id=\"kristin-mary-lietz\" data-block-id=\"13c3c30\"><style>.stk-13c3c30{padding-top:0px !important;padding-right:0px !important;padding-bottom:0px !important;padding-left:0px !important;margin-bottom:10px !important}.stk-13c3c30 .stk-block-heading__text{margin:0 !important}<\/style><h5 class=\"stk-block-heading__text has-text-align-center\">Kristin Mary Lietz<\/h5><\/div>\n\n\n\n<div class=\"wp-block-stackable-text stk-block-text stk-block stk-005c2cf\" data-block-id=\"005c2cf\"><style>.stk-005c2cf .stk-block-text__text{color:#aaaaaa !important}<\/style><p class=\"stk-block-text__text has-text-color has-text-align-center\">Programas y Comunicaci\u00f3n<\/p><\/div>\n<\/div><\/div><\/div>\n\n\n\n<div class=\"wp-block-stackable-column stk-block-column stk-column stk-block stk-9001ba9\" data-block-id=\"9001ba9\"><style>@media screen and (max-width:689px){.stk-9001ba9{flex:0 1 calc(50% - var(--stk-column-gap,0px) * 1 \/ 2 ) !important}}.stk-9001ba9-container{margin-top:0px !important;margin-right:0px !important;margin-bottom:0px !important;margin-left:0px !important}<\/style><div class=\"stk-column-wrapper stk-block-column__content stk-container stk-9001ba9-container stk--no-background stk--no-padding\"><div class=\"stk-block-content stk-inner-blocks\">\n<figure class=\"wp-block-image size-full\"><img data-recalc-dims=\"1\" decoding=\"async\" width=\"300\" height=\"350\" src=\"https:\/\/i0.wp.com\/centrodecompartimiento.org\/web\/wp-content\/uploads\/2022\/06\/nereida.jpg?resize=300%2C350&#038;ssl=1\" alt=\"\" class=\"wp-image-982\" srcset=\"https:\/\/i0.wp.com\/centrodecompartimiento.org\/web\/wp-content\/uploads\/2022\/06\/nereida.jpg?w=300&amp;ssl=1 300w, https:\/\/i0.wp.com\/centrodecompartimiento.org\/web\/wp-content\/uploads\/2022\/06\/nereida.jpg?resize=257%2C300&amp;ssl=1 257w\" sizes=\"(max-width: 300px) 100vw, 300px\" \/><\/figure>\n\n\n\n<div class=\"wp-block-stackable-heading stk-block-heading stk-block stk-07e4a78\" id=\"nereida-sanchez-solano\" data-block-id=\"07e4a78\"><style>.stk-07e4a78{padding-top:0px !important;padding-right:0px !important;padding-bottom:0px !important;padding-left:0px !important;margin-bottom:10px !important}.stk-07e4a78 .stk-block-heading__text{margin:0 !important}<\/style><h5 class=\"stk-block-heading__text has-text-align-center\">Nereida S\u00e1nchez Solano<\/h5><\/div>\n\n\n\n<div class=\"wp-block-stackable-text stk-block-text stk-block stk-acc28ba\" data-block-id=\"acc28ba\"><style>.stk-acc28ba .stk-block-text__text{color:#aaaaaa !important}<\/style><p class=\"stk-block-text__text has-text-color has-text-align-center\">Becarias<\/p><\/div>\n<\/div><\/div><\/div>\n<\/div><\/div>\n\n\n\n<div class=\"wp-block-stackable-spacer stk-block-spacer stk--no-padding stk-block stk-10ce2fa\" data-block-id=\"10ce2fa\"><\/div>\n\n\n\n<div class=\"wp-block-stackable-heading stk-block-heading stk-block stk-4c17ee8\" id=\"voluntariado\" data-block-id=\"4c17ee8\"><style>.stk-4c17ee8{margin-bottom:16px !important}.stk-4c17ee8 .stk-block-heading__text{margin:0 !important;line-height:1.2em !important}<\/style><h2 class=\"stk-block-heading__text has-text-align-center\">Voluntariado.<\/h2><\/div>\n\n\n\n<div class=\"wp-block-stackable-columns stk-block-columns stk-block stk-cade5fc\" data-block-id=\"cade5fc\"><style>.stk-cade5fc{margin-bottom:0px !important}.stk-cade5fc-column{--stk-column-gap:35px !important}@media screen and (max-width:999px){.stk-cade5fc-column{--stk-column-gap:20px !important}}@media screen and (max-width:689px){.stk-cade5fc-column{row-gap:50px !important}}<\/style><div class=\"stk-row stk-inner-blocks has-text-align-center stk-block-content stk-content-align stk-cade5fc-column\">\n<div class=\"wp-block-stackable-column stk-block-column stk-column stk-block stk-3f0e51d\" data-block-id=\"3f0e51d\"><style>@media screen and (max-width:689px){.stk-3f0e51d{flex:0 1 calc(50% - var(--stk-column-gap,0px) * 1 \/ 2 ) !important}}.stk-3f0e51d-container{margin-top:0px !important;margin-right:0px !important;margin-bottom:0px !important;margin-left:0px !important}<\/style><div class=\"stk-column-wrapper stk-block-column__content stk-container stk-3f0e51d-container stk--no-background stk--no-padding\"><div class=\"stk-block-content stk-inner-blocks\">\n<figure class=\"wp-block-image size-full is-resized\"><img data-recalc-dims=\"1\" loading=\"lazy\" decoding=\"async\" src=\"https:\/\/i0.wp.com\/centrodecompartimiento.org\/web\/wp-content\/uploads\/2022\/06\/user.png?resize=150%2C175&#038;ssl=1\" alt=\"\" class=\"wp-image-1191\" width=\"150\" height=\"175\" srcset=\"https:\/\/i0.wp.com\/centrodecompartimiento.org\/web\/wp-content\/uploads\/2022\/06\/user.png?w=300&amp;ssl=1 300w, https:\/\/i0.wp.com\/centrodecompartimiento.org\/web\/wp-content\/uploads\/2022\/06\/user.png?resize=257%2C300&amp;ssl=1 257w\" sizes=\"(max-width: 150px) 100vw, 150px\" \/><\/figure>\n\n\n\n<div class=\"wp-block-stackable-heading stk-block-heading stk-block stk-32b3b77\" id=\"tomasa-rodriguez\" data-block-id=\"32b3b77\"><style>.stk-32b3b77{padding-top:0px !important;padding-right:0px !important;padding-bottom:0px !important;padding-left:0px !important;margin-bottom:10px !important}.stk-32b3b77 .stk-block-heading__text{margin:0 !important}<\/style><h5 class=\"stk-block-heading__text has-text-align-center\">Tomasa Rodriguez<\/h5><\/div>\n\n\n\n<div class=\"wp-block-stackable-text stk-block-text stk-block stk-cc75340\" data-block-id=\"cc75340\"><style>.stk-cc75340 .stk-block-text__text{color:#aaaaaa !important}<\/style><p class=\"stk-block-text__text has-text-color has-text-align-center\">Voluntaria<\/p><\/div>\n<\/div><\/div><\/div>\n\n\n\n<div class=\"wp-block-stackable-column stk-block-column stk-column stk-block stk-2afa069\" data-block-id=\"2afa069\"><style>@media screen and (max-width:689px){.stk-2afa069{flex:0 1 calc(50% - var(--stk-column-gap,0px) * 1 \/ 2 ) !important}}.stk-2afa069-container{margin-top:0px !important;margin-right:0px !important;margin-bottom:0px !important;margin-left:0px !important}<\/style><div class=\"stk-column-wrapper stk-block-column__content stk-container stk-2afa069-container stk--no-background stk--no-padding\"><div class=\"stk-block-content stk-inner-blocks\">\n<figure class=\"wp-block-image size-full is-resized\"><img data-recalc-dims=\"1\" loading=\"lazy\" decoding=\"async\" src=\"https:\/\/i0.wp.com\/centrodecompartimiento.org\/web\/wp-content\/uploads\/2022\/06\/user.png?resize=150%2C175&#038;ssl=1\" alt=\"\" class=\"wp-image-1191\" width=\"150\" height=\"175\" srcset=\"https:\/\/i0.wp.com\/centrodecompartimiento.org\/web\/wp-content\/uploads\/2022\/06\/user.png?w=300&amp;ssl=1 300w, https:\/\/i0.wp.com\/centrodecompartimiento.org\/web\/wp-content\/uploads\/2022\/06\/user.png?resize=257%2C300&amp;ssl=1 257w\" sizes=\"(max-width: 150px) 100vw, 150px\" \/><\/figure>\n\n\n\n<div class=\"wp-block-stackable-heading stk-block-heading stk-block stk-fe22b4e\" id=\"saira-guerra-lopez\" data-block-id=\"fe22b4e\"><style>.stk-fe22b4e{padding-top:0px !important;padding-right:0px !important;padding-bottom:0px !important;padding-left:0px !important;margin-bottom:10px !important}.stk-fe22b4e .stk-block-heading__text{margin:0 !important}<\/style><h5 class=\"stk-block-heading__text\">Saira Guerra Lopez<\/h5><\/div>\n\n\n\n<div class=\"wp-block-stackable-text stk-block-text stk-block stk-27a07e4\" data-block-id=\"27a07e4\"><style>.stk-27a07e4 .stk-block-text__text{color:#aaaaaa !important}<\/style><p class=\"stk-block-text__text has-text-color has-text-align-center\">Voluntaria<\/p><\/div>\n<\/div><\/div><\/div>\n\n\n\n<div class=\"wp-block-stackable-column stk-block-column stk-column stk-block stk-00840a5\" data-block-id=\"00840a5\"><style>@media screen and (max-width:689px){.stk-00840a5{flex:0 1 calc(50% - var(--stk-column-gap,0px) * 1 \/ 2 ) !important}}.stk-00840a5-container{margin-top:0px !important;margin-right:0px !important;margin-bottom:0px !important;margin-left:0px !important}<\/style><div class=\"stk-column-wrapper stk-block-column__content stk-container stk-00840a5-container stk--no-background stk--no-padding\"><div class=\"stk-block-content stk-inner-blocks\">\n<figure class=\"wp-block-image size-full is-resized\"><img data-recalc-dims=\"1\" loading=\"lazy\" decoding=\"async\" src=\"https:\/\/i0.wp.com\/centrodecompartimiento.org\/web\/wp-content\/uploads\/2022\/06\/user.png?resize=150%2C175&#038;ssl=1\" alt=\"\" class=\"wp-image-1191\" width=\"150\" height=\"175\" srcset=\"https:\/\/i0.wp.com\/centrodecompartimiento.org\/web\/wp-content\/uploads\/2022\/06\/user.png?w=300&amp;ssl=1 300w, https:\/\/i0.wp.com\/centrodecompartimiento.org\/web\/wp-content\/uploads\/2022\/06\/user.png?resize=257%2C300&amp;ssl=1 257w\" sizes=\"(max-width: 150px) 100vw, 150px\" \/><\/figure>\n\n\n\n<div class=\"wp-block-stackable-heading stk-block-heading stk-block stk-9ee675c\" id=\"gabriela-tolentino\" data-block-id=\"9ee675c\"><style>.stk-9ee675c{padding-top:0px !important;padding-right:0px !important;padding-bottom:0px !important;padding-left:0px !important;margin-bottom:10px !important}.stk-9ee675c .stk-block-heading__text{margin:0 !important}<\/style><h5 class=\"stk-block-heading__text has-text-align-center\">Gabriela Tolentino<\/h5><\/div>\n\n\n\n<div class=\"wp-block-stackable-text stk-block-text stk-block stk-3fad3d5\" data-block-id=\"3fad3d5\"><style>.stk-3fad3d5 .stk-block-text__text{color:#aaaaaa !important}<\/style><p class=\"stk-block-text__text has-text-color has-text-align-center\">Voluntaria<\/p><\/div>\n<\/div><\/div><\/div>\n\n\n\n<div class=\"wp-block-stackable-column stk-block-column stk-column stk-block stk-ef45039\" data-block-id=\"ef45039\"><style>@media screen and (max-width:689px){.stk-ef45039{flex:0 1 calc(50% - var(--stk-column-gap,0px) * 1 \/ 2 ) !important}}.stk-ef45039-container{margin-top:0px !important;margin-right:0px !important;margin-bottom:0px !important;margin-left:0px !important}<\/style><div class=\"stk-column-wrapper stk-block-column__content stk-container stk-ef45039-container stk--no-background stk--no-padding\"><div class=\"stk-block-content stk-inner-blocks\">\n<figure class=\"wp-block-image size-full is-resized\"><img data-recalc-dims=\"1\" loading=\"lazy\" decoding=\"async\" src=\"https:\/\/i0.wp.com\/centrodecompartimiento.org\/web\/wp-content\/uploads\/2022\/06\/user.png?resize=150%2C175&#038;ssl=1\" alt=\"\" class=\"wp-image-1191\" width=\"150\" height=\"175\" srcset=\"https:\/\/i0.wp.com\/centrodecompartimiento.org\/web\/wp-content\/uploads\/2022\/06\/user.png?w=300&amp;ssl=1 300w, https:\/\/i0.wp.com\/centrodecompartimiento.org\/web\/wp-content\/uploads\/2022\/06\/user.png?resize=257%2C300&amp;ssl=1 257w\" sizes=\"(max-width: 150px) 100vw, 150px\" \/><\/figure>\n\n\n\n<div class=\"wp-block-stackable-heading stk-block-heading stk-block stk-e593172\" id=\"juan-luis-galan\" data-block-id=\"e593172\"><style>.stk-e593172{padding-top:0px !important;padding-right:0px !important;padding-bottom:0px !important;padding-left:0px !important;margin-bottom:10px !important}.stk-e593172 .stk-block-heading__text{margin:0 !important}<\/style><h5 class=\"stk-block-heading__text has-text-align-center\">Juan Luis Gal\u00e1n.<\/h5><\/div>\n\n\n\n<div class=\"wp-block-stackable-text stk-block-text stk-block stk-17ee326\" data-block-id=\"17ee326\"><style>.stk-17ee326 .stk-block-text__text{color:#aaaaaa !important}<\/style><p class=\"stk-block-text__text has-text-color has-text-align-center\">Voluntario<\/p><\/div>\n<\/div><\/div><\/div>\n<\/div><\/div>\n\n\n\n<div class=\"wp-block-stackable-spacer stk-block-spacer stk--no-padding stk-block stk-d3cb7d3\" data-block-id=\"d3cb7d3\"><style>.stk-d3cb7d3{height:61px !important}@media screen and (max-width:999px){.stk-d3cb7d3{height:80px !important}}<\/style><\/div>\n\n\n\n<div class=\"wp-block-stackable-heading stk-block-heading stk-block stk-026b2e5\" id=\"mesa-directiva\" data-block-id=\"026b2e5\"><style>.stk-026b2e5{margin-bottom:0px !important}.stk-026b2e5 .stk-block-heading__text{margin:0 !important;line-height:1.2em !important}<\/style><h2 class=\"stk-block-heading__text has-text-align-center\">Mesa directiva<\/h2><\/div>\n\n\n\n<div class=\"wp-block-stackable-spacer stk-block-spacer stk--no-padding stk-block stk-74eb27f\" data-block-id=\"74eb27f\"><style>.stk-74eb27f{height:35px !important}@media screen and (max-width:999px){.stk-74eb27f{height:50px !important}}<\/style><\/div>\n\n\n\n<div class=\"wp-block-columns is-layout-flex wp-container-core-columns-is-layout-9d6595d7 wp-block-columns-is-layout-flex\">\n<div class=\"wp-block-column is-layout-flow wp-block-column-is-layout-flow\" style=\"flex-basis:100%\">\n<div class=\"wp-block-stackable-columns aligncenter stk-block-columns stk-block stk-4f52bf8\" data-block-id=\"4f52bf8\"><div class=\"stk-row stk-inner-blocks has-text-align-center stk-block-content stk-content-align stk-4f52bf8-column\">\n<div class=\"wp-block-stackable-column stk-block-column stk-column stk-block stk-14d5e98\" data-block-id=\"14d5e98\"><div class=\"stk-column-wrapper stk-block-column__content stk-container stk-14d5e98-container stk--no-background stk--no-padding\"><div class=\"stk-block-content stk-inner-blocks\">\n<h5 class=\"wp-block-heading\">Socios nacionales<\/h5>\n\n\n\n<p>Lic. Adela Toledo Luis<br>Lic. Jorge Alejandro L\u00f3pez Toledo<br>Mtra. Kristin Mary Lietz<br>Lic. Greyci Maleni Castellanos M\u00e1rquez<br>Ing. Nereida S\u00e1nchez Solano<\/p>\n<\/div><\/div><\/div>\n\n\n\n<div class=\"wp-block-stackable-column stk-block-column stk-column stk-block stk-6c95920\" data-block-id=\"6c95920\"><div class=\"stk-column-wrapper stk-block-column__content stk-container stk-6c95920-container stk--no-background stk--no-padding\"><div class=\"stk-block-content stk-inner-blocks\">\n<h5 class=\"wp-block-heading\">Socios internacionales<\/h5>\n\n\n\n<p>Glenn Cross<br>Cheryl Broetje<\/p>\n<\/div><\/div><\/div>\n<\/div><\/div>\n<\/div>\n<\/div>\n\n\n\n<div class=\"wp-block-stackable-spacer stk-block-spacer stk--no-padding stk-block stk-5561f8b\" data-block-id=\"5561f8b\"><\/div>\n\n\n\n<h2 class=\"has-text-align-center wp-block-heading\">Asociaciones, socios y colaboradores<\/h2>\n\n\n\n<div class=\"wp-block-stackable-spacer stk-block-spacer stk--no-padding stk-block stk-183d6be\" data-block-id=\"183d6be\"><style>.stk-183d6be{height:35px !important}<\/style><\/div>\n\n\n\n<div class=\"wp-block-stackable-columns stk-block-columns stk-block stk-a1f1004\" data-block-id=\"a1f1004\"><div class=\"stk-row stk-inner-blocks stk-block-content stk-content-align stk-a1f1004-column\">\n<div class=\"wp-block-stackable-column stk-block-column stk-column stk-block stk-d5d2305\" data-block-id=\"d5d2305\"><style>@media screen and (min-width:690px){.stk-d5d2305{flex:1 1 25% !important}}<\/style><div class=\"stk-column-wrapper stk-block-column__content stk-container stk-d5d2305-container stk--no-background stk--no-padding\"><div class=\"stk-block-content stk-inner-blocks\">\n<div class=\"wp-block-stackable-image stk-block-image stk-block stk-a33ae3c\" data-block-id=\"a33ae3c\"><a class=\"stk-link stk-img-wrapper stk-image--shape-stretch\" href=\"https:\/\/unamanoparaoax.org\/\" target=\"_blank\" rel=\"noreferrer noopener\"><img data-recalc-dims=\"1\" loading=\"lazy\" decoding=\"async\" class=\"stk-img wp-image-1195\" src=\"https:\/\/i0.wp.com\/centrodecompartimiento.org\/web\/wp-content\/uploads\/2022\/06\/empresa-4.png?resize=200%2C50&#038;ssl=1\" width=\"200\" height=\"50\"\/><\/a><\/div>\n<\/div><\/div><\/div>\n\n\n\n<div class=\"wp-block-stackable-column stk-block-column stk-column stk-block stk-57046dc\" data-block-id=\"57046dc\"><style>@media screen and (min-width:690px){.stk-57046dc{flex:1 1 25% !important}}<\/style><div class=\"stk-column-wrapper stk-block-column__content stk-container stk-57046dc-container stk--no-background stk--no-padding\"><div class=\"stk-block-content stk-inner-blocks\">\n<div class=\"wp-block-stackable-image stk-block-image stk-block stk-154cbd0\" data-block-id=\"154cbd0\"><a class=\"stk-link stk-img-wrapper stk-image--shape-stretch\" href=\"https:\/\/broetjefamilytrust.org\/servant-leadership\/\" target=\"_blank\" rel=\"noreferrer noopener\"><img data-recalc-dims=\"1\" loading=\"lazy\" decoding=\"async\" class=\"stk-img wp-image-1196\" src=\"https:\/\/i0.wp.com\/centrodecompartimiento.org\/web\/wp-content\/uploads\/2022\/06\/empresa1.png?resize=200%2C50&#038;ssl=1\" width=\"200\" height=\"50\"\/><\/a><\/div>\n<\/div><\/div><\/div>\n\n\n\n<div class=\"wp-block-stackable-column stk-block-column stk-column stk-block stk-ba8f34b\" data-block-id=\"ba8f34b\"><style>@media screen and (min-width:690px){.stk-ba8f34b{flex:1 1 25% !important}}<\/style><div class=\"stk-column-wrapper stk-block-column__content stk-container stk-ba8f34b-container stk--no-background stk--no-padding\"><div class=\"stk-block-content stk-inner-blocks\">\n<div class=\"wp-block-stackable-image stk-block-image stk-block stk-8229c7f\" data-block-id=\"8229c7f\"><a class=\"stk-link stk-img-wrapper stk-image--shape-stretch\" href=\"https:\/\/www.facebook.com\/CAAMI.JUCHITAN\/\" target=\"_blank\" rel=\"noreferrer noopener\"><img data-recalc-dims=\"1\" loading=\"lazy\" decoding=\"async\" class=\"stk-img wp-image-1197\" src=\"https:\/\/i0.wp.com\/centrodecompartimiento.org\/web\/wp-content\/uploads\/2022\/06\/empresa-3.png?resize=200%2C50&#038;ssl=1\" width=\"200\" height=\"50\"\/><\/a><\/div>\n<\/div><\/div><\/div>\n\n\n\n<div class=\"wp-block-stackable-column stk-block-column stk-column stk-block stk-33aae9d\" data-block-id=\"33aae9d\"><style>@media screen and (min-width:690px){.stk-33aae9d{flex:1 1 25% !important}}<\/style><div class=\"stk-column-wrapper stk-block-column__content stk-container stk-33aae9d-container stk--no-background stk--no-padding\"><div class=\"stk-block-content stk-inner-blocks\">\n<div class=\"wp-block-stackable-image stk-block-image stk-block stk-a1ede6d\" data-block-id=\"a1ede6d\"><a class=\"stk-link stk-img-wrapper stk-image--shape-stretch\" href=\"www. GRworld.org\" target=\"_blank\" rel=\"noreferrer noopener\"><img data-recalc-dims=\"1\" loading=\"lazy\" decoding=\"async\" class=\"stk-img wp-image-1198\" src=\"https:\/\/i0.wp.com\/centrodecompartimiento.org\/web\/wp-content\/uploads\/2022\/06\/empresa-2.png?resize=200%2C50&#038;ssl=1\" width=\"200\" height=\"50\"\/><\/a><\/div>\n<\/div><\/div><\/div>\n<\/div><\/div>\n\n\n\n<div class=\"wp-block-stackable-spacer stk-block-spacer stk--no-padding stk-block stk-658c510\" data-block-id=\"658c510\"><style>.stk-658c510{height:125px !important}<\/style><\/div>\n","protected":false},"excerpt":{"rendered":"<p>La familia de Centro De Compartimiento Quienes trabajan dentro de la comunidad. Adela Toledo Luis Directora General Kristin Mary Lietz Programas y Comunicaci\u00f3n Nereida S\u00e1nchez Solano Becarias Voluntariado. Tomasa Rodriguez Voluntaria Saira Guerra Lopez Voluntaria Gabriela Tolentino Voluntaria Juan Luis Gal\u00e1n. Voluntario Mesa directiva Socios nacionales Lic. Adela Toledo LuisLic. Jorge Alejandro L\u00f3pez ToledoMtra. Kristin Mary LietzLic. Greyci Maleni Castellanos M\u00e1rquezIng. Nereida S\u00e1nchez Solano Socios internacionales Glenn CrossCheryl Broetje Asociaciones, socios y colaboradores<\/p>\n","protected":false},"author":1,"featured_media":374,"parent":0,"menu_order":0,"comment_status":"closed","ping_status":"closed","template":"","meta":{"content-type":"","footnotes":""},"class_list":["post-682","page","type-page","status-publish","has-post-thumbnail","hentry"],"blocksy_meta":{"styles_descriptor":{"styles":{"desktop":"","tablet":"","mobile":""},"google_fonts":[],"version":5}},"jetpack_sharing_enabled":true,"brizy_media":[],"_links":{"self":[{"href":"https:\/\/centrodecompartimiento.org\/web\/wp-json\/wp\/v2\/pages\/682","targetHints":{"allow":["GET"]}}],"collection":[{"href":"https:\/\/centrodecompartimiento.org\/web\/wp-json\/wp\/v2\/pages"}],"about":[{"href":"https:\/\/centrodecompartimiento.org\/web\/wp-json\/wp\/v2\/types\/page"}],"author":[{"embeddable":true,"href":"https:\/\/centrodecompartimiento.org\/web\/wp-json\/wp\/v2\/users\/1"}],"replies":[{"embeddable":true,"href":"https:\/\/centrodecompartimiento.org\/web\/wp-json\/wp\/v2\/comments?post=682"}],"version-history":[{"count":5,"href":"https:\/\/centrodecompartimiento.org\/web\/wp-json\/wp\/v2\/pages\/682\/revisions"}],"predecessor-version":[{"id":1231,"href":"https:\/\/centrodecompartimiento.org\/web\/wp-json\/wp\/v2\/pages\/682\/revisions\/1231"}],"wp:featuredmedia":[{"embeddable":true,"href":"https:\/\/centrodecompartimiento.org\/web\/wp-json\/wp\/v2\/media\/374"}],"wp:attachment":[{"href":"https:\/\/centrodecompartimiento.org\/web\/wp-json\/wp\/v2\/media?parent=682"}],"curies":[{"name":"wp","href":"https:\/\/api.w.org\/{rel}","templated":true}]}}